{"id":1211,"date":"2024-01-02T06:24:46","date_gmt":"2024-01-02T06:24:46","guid":{"rendered":"https:\/\/www.comectedfem.com\/Marketing\/?post_type=product&#038;p=1211"},"modified":"2024-02-07T23:56:14","modified_gmt":"2024-02-07T23:56:14","slug":"documentos-comectedfem","status":"publish","type":"product","link":"https:\/\/www.comectedfem.com\/Marketing\/producto\/documentos-comectedfem\/","title":{"rendered":"Documentos Comectedfem"},"content":{"rendered":"<section class=\"elementor-section elementor-top-section elementor-element elementor-element-86bdacf elementor-section-boxed elementor-section-height-default elementor-section-height-default\" data-id=\"86bdacf\" data-element_type=\"section\">\n<div class=\"elementor-container elementor-column-gap-default\">\n<div class=\"elementor-column elementor-col-100 elementor-top-column elementor-element elementor-element-92df621\" data-id=\"92df621\" data-element_type=\"column\">\n<div class=\"elementor-widget-wrap elementor-element-populated\">\n<div class=\"elementor-element elementor-element-fba5505 elementor-widget elementor-widget-image-box\" data-id=\"fba5505\" data-element_type=\"widget\" data-widget_type=\"image-box.default\">\n<div class=\"elementor-widget-container\">\n<div class=\"elementor-image-box-wrapper\">\n<div class=\"elementor-image-box-content\">\n<ol>\n<li class=\"elementor-image-box-title\">C\u00f3digo de \u00e9tica Comectedfem 01-04-2023<\/li>\n<li class=\"elementor-image-box-title\">Juramento del Contador T\u00e9cnico<\/li>\n<li class=\"elementor-image-box-title\">Reporte de Actividades Sospechosas<\/li>\n<\/ol>\n<\/div>\n<\/div>\n<\/div>\n<\/div>\n<\/div>\n<\/div>\n<\/div>\n<\/section>\n<div class=\"elementor-container elementor-column-gap-default\">\n<div class=\"elementor-column elementor-col-100 elementor-top-column elementor-element elementor-element-e354394\" data-id=\"e354394\" data-element_type=\"column\">\n<div class=\"elementor-widget-wrap elementor-element-populated\">\n<div class=\"elementor-element elementor-element-df54f29 elementor-widget elementor-widget-image-box\" data-id=\"df54f29\" data-element_type=\"widget\" data-widget_type=\"image-box.default\">\n<div class=\"elementor-widget-container\">\n<div class=\"elementor-image-box-wrapper\">\n<div class=\"elementor-image-box-content\"><\/div>\n<\/div>\n<\/div>\n<\/div>\n<\/div>\n<\/div>\n<\/div>\n<section class=\"elementor-section elementor-top-section elementor-element elementor-element-0cacabd elementor-section-boxed elementor-section-height-default elementor-section-height-default\" data-id=\"0cacabd\" data-element_type=\"section\">\n<div class=\"elementor-container elementor-column-gap-default\">\n<div class=\"elementor-column elementor-col-100 elementor-top-column elementor-element elementor-element-f0ca760\" data-id=\"f0ca760\" data-element_type=\"column\">\n<div class=\"elementor-widget-wrap elementor-element-populated\">\n<div class=\"elementor-element elementor-element-a82564a elementor-widget elementor-widget-image-box\" data-id=\"a82564a\" data-element_type=\"widget\" data-widget_type=\"image-box.default\">\n<div class=\"elementor-widget-container\">\n<div class=\"elementor-image-box-wrapper\">\n<div class=\"elementor-image-box-content\"><\/div>\n<\/div>\n<\/div>\n<\/div>\n<\/div>\n<\/div>\n<\/div>\n<\/section>\n","protected":false},"excerpt":{"rendered":"<p>C\u00f3digo de \u00e9tica Comectedfem 01-04-2023 Juramento del Contador T\u00e9cnico Reporte de Actividades Sospechosas<\/p>\n","protected":false},"featured_media":1213,"template":"","meta":{"_kadence_starter_templates_imported_post":false,"_kad_post_transparent":"default","_kad_post_title":"","_kad_post_layout":"default","_kad_post_sidebar_id":"","_kad_post_content_style":"default","_kad_post_vertical_padding":"default","_kad_post_feature":"","_kad_post_feature_position":"","_kad_post_header":false,"_kad_post_footer":false,"_kad_post_classname":""},"product_brand":[],"product_cat":[15],"product_tag":[],"class_list":{"0":"post-1211","1":"product","2":"type-product","3":"status-publish","4":"has-post-thumbnail","6":"product_cat-descargables","8":"first","9":"instock","10":"featured","11":"downloadable","12":"shipping-taxable","13":"purchasable","14":"product-type-simple","15":"entry","16":"content-bg","17":"loop-entry"},"_links":{"self":[{"href":"https:\/\/www.comectedfem.com\/Marketing\/wp-json\/wp\/v2\/product\/1211","targetHints":{"allow":["GET"]}}],"collection":[{"href":"https:\/\/www.comectedfem.com\/Marketing\/wp-json\/wp\/v2\/product"}],"about":[{"href":"https:\/\/www.comectedfem.com\/Marketing\/wp-json\/wp\/v2\/types\/product"}],"wp:featuredmedia":[{"embeddable":true,"href":"https:\/\/www.comectedfem.com\/Marketing\/wp-json\/wp\/v2\/media\/1213"}],"wp:attachment":[{"href":"https:\/\/www.comectedfem.com\/Marketing\/wp-json\/wp\/v2\/media?parent=1211"}],"wp:term":[{"taxonomy":"product_brand","embeddable":true,"href":"https:\/\/www.comectedfem.com\/Marketing\/wp-json\/wp\/v2\/product_brand?post=1211"},{"taxonomy":"product_cat","embeddable":true,"href":"https:\/\/www.comectedfem.com\/Marketing\/wp-json\/wp\/v2\/product_cat?post=1211"},{"taxonomy":"product_tag","embeddable":true,"href":"https:\/\/www.comectedfem.com\/Marketing\/wp-json\/wp\/v2\/product_tag?post=1211"}],"curies":[{"name":"wp","href":"https:\/\/api.w.org\/{rel}","templated":true}]}}