{"id":1137,"date":"2020-11-17T07:13:56","date_gmt":"2020-11-17T07:13:56","guid":{"rendered":"https:\/\/startertemplatecloud.com\/e02\/my-account\/"},"modified":"2025-06-24T15:26:36","modified_gmt":"2025-06-24T15:26:36","slug":"mi-cuenta","status":"publish","type":"page","link":"https:\/\/www.comectedfem.com\/Marketing\/mi-cuenta\/","title":{"rendered":"PARA CREAR UNA CUENTA O RESTABLECER CONTRASE\u00d1A DEBER\u00c1 CONTACTAR CON LA SECRETARIA V\u00cdA WHATSAPP"},"content":{"rendered":"<div class=\"woocommerce\"><\/div>\n","protected":false},"excerpt":{"rendered":"","protected":false},"author":1,"featured_media":0,"parent":0,"menu_order":0,"comment_status":"closed","ping_status":"closed","template":"","meta":{"_kadence_starter_templates_imported_post":true,"_kad_post_transparent":"","_kad_post_title":"","_kad_post_layout":"","_kad_post_sidebar_id":"","_kad_post_content_style":"","_kad_post_vertical_padding":"","_kad_post_feature":"","_kad_post_feature_position":"","_kad_post_header":false,"_kad_post_footer":false,"_kad_post_classname":"","two_page_speed":[],"footnotes":""},"class_list":["post-1137","page","type-page","status-publish","hentry"],"_links":{"self":[{"href":"https:\/\/www.comectedfem.com\/Marketing\/wp-json\/wp\/v2\/pages\/1137","targetHints":{"allow":["GET"]}}],"collection":[{"href":"https:\/\/www.comectedfem.com\/Marketing\/wp-json\/wp\/v2\/pages"}],"about":[{"href":"https:\/\/www.comectedfem.com\/Marketing\/wp-json\/wp\/v2\/types\/page"}],"author":[{"embeddable":true,"href":"https:\/\/www.comectedfem.com\/Marketing\/wp-json\/wp\/v2\/users\/1"}],"replies":[{"embeddable":true,"href":"https:\/\/www.comectedfem.com\/Marketing\/wp-json\/wp\/v2\/comments?post=1137"}],"version-history":[{"count":2,"href":"https:\/\/www.comectedfem.com\/Marketing\/wp-json\/wp\/v2\/pages\/1137\/revisions"}],"predecessor-version":[{"id":3749,"href":"https:\/\/www.comectedfem.com\/Marketing\/wp-json\/wp\/v2\/pages\/1137\/revisions\/3749"}],"wp:attachment":[{"href":"https:\/\/www.comectedfem.com\/Marketing\/wp-json\/wp\/v2\/media?parent=1137"}],"curies":[{"name":"wp","href":"https:\/\/api.w.org\/{rel}","templated":true}]}}